{"id":3696,"date":"2024-05-24T12:19:36","date_gmt":"2024-05-24T09:19:36","guid":{"rendered":"https:\/\/jtgroup.ro\/?page_id=3696"},"modified":"2024-05-29T14:52:07","modified_gmt":"2024-05-29T11:52:07","slug":"oferta-publica-de-vanzare-actiuni-jt-grup-oil-sa","status":"publish","type":"page","link":"https:\/\/jtgroup.ro\/en\/oferta-publica-de-vanzare-actiuni-jt-grup-oil-sa\/","title":{"rendered":"Public Offer for Sale of JT GRUP OIL SA Shares"},"content":{"rendered":"<div data-elementor-type=\"wp-page\" data-elementor-id=\"3696\" class=\"elementor elementor-3696\">\n\t\t\t\t<div class=\"elementor-element elementor-element-ede1c4e e-con-full e-flex e-con e-parent\" data-id=\"ede1c4e\" data-element_type=\"container\" data-settings=\"{&quot;background_background&quot;:&quot;classic&quot;}\">\n\t\t<div class=\"elementor-element elementor-element-ed836ed e-con-full e-flex e-con e-child\" data-id=\"ed836ed\" data-element_type=\"container\">\n\t\t\t\t<div class=\"elementor-element elementor-element-b55000c elementor-widget elementor-widget-heading\" data-id=\"b55000c\" data-element_type=\"widget\" data-widget_type=\"heading.default\">\n\t\t\t\t<div class=\"elementor-widget-container\">\n\t\t\t\t\t<h2 class=\"elementor-heading-title elementor-size-default\">Essential information regarding the public offering<\/h2>\t\t\t\t<\/div>\n\t\t\t\t<\/div>\n\t\t\t\t<div class=\"elementor-element elementor-element-ba2491f elementor-widget elementor-widget-text-editor\" data-id=\"ba2491f\" data-element_type=\"widget\" data-widget_type=\"text-editor.default\">\n\t\t\t\t<div class=\"elementor-widget-container\">\n\t\t\t\t\t\t\t\t\t<p>The Financial Supervision Authority (ASF) approved by decision no. 489 of May 23, 2024, the EU Prospectus for the increase related to the initial public offering for the sale of shares issued by the company JT Grup Oil SA N\u0103vodari with a view to admitting the issuer&#039;s shares to trading within the Multilateral Trading System administered by the Bucharest Stock Exchange SA , AeRO market.<\/p><ul><li><b>Object of the offer:\u00a0\u00a0<\/b>10,000,000 newly issued shares as part of the capital increase operation.<\/li><li><b>Nominal value:<\/b> 1 leu\/share<\/li><li><b>The Offer Period will be 10 working days:<\/b> 28.05.2024 &#8211; 10.06.2024.<\/li><li><b>Offer Price: <\/b>6.50 lei\/share<\/li><li><b>Discount price:<\/b> For applications validly submitted during the first five (5) working days of the Offer Period, investors will benefit from a discount of 16 % from the Offer Price, respectively at the price of 5.46 lei\/share.<\/li><li><b>Price without discount:<\/b> The offered shares that are subscribed starting from the sixth (6th) working day of the Offer will be sold to investors at the Offer Price, respectively at the price of 6.50 lei\/share. The first day of the offer without discount is 04.06.2024.<\/li><li><b>Offer success condition:<\/b> The offer will be considered successfully completed regardless of the amount subscribed.<\/li><li><b>Early closing of the Offer:<\/b> The Offer can be closed early, starting from the 2nd (second) Working Day of the Offer Period, if at the end of a subscription day the subscription threshold of 75% is reached, respectively if at least 7,500 have been validly subscribed up to that moment .000 of the Offered Shares.<\/li><li><b>Minimum subscription: <\/b>The minimum amount of a subscription is 300 Offered Shares.<\/li><\/ul><p>The intermediary of the initial public offer is SSIF INTERDEALER CAPITAL INVEST SA<br \/>The shares will be registered under ISIN ROLD2ESK82G1 and traded under the symbol &quot;JTG&quot;<\/p>\t\t\t\t\t\t\t\t<\/div>\n\t\t\t\t<\/div>\n\t\t\t\t<div class=\"elementor-element elementor-element-7b81329 elementor-icon-list--layout-traditional elementor-list-item-link-full_width elementor-widget elementor-widget-icon-list\" data-id=\"7b81329\" data-element_type=\"widget\" data-widget_type=\"icon-list.default\">\n\t\t\t\t<div class=\"elementor-widget-container\">\n\t\t\t\t\t\t\t<ul class=\"elementor-icon-list-items\">\n\t\t\t\t\t\t\t<li class=\"elementor-icon-list-item\">\n\t\t\t\t\t\t\t\t\t\t\t<a href=\"https:\/\/jtgroup.ro\/wp-content\/uploads\/2024\/05\/Decizia-ASF-de-aprobare-a-prospectului-de-oferta.pdf\">\n\n\t\t\t\t\t\t\t\t\t\t\t\t<span class=\"elementor-icon-list-icon\">\n\t\t\t\t\t\t\t<i aria-hidden=\"true\" class=\"far fa-file-alt\"><\/i>\t\t\t\t\t\t<\/span>\n\t\t\t\t\t\t\t\t\t\t<span class=\"elementor-icon-list-text\"> ASF decision approving the offer prospectus<\/span>\n\t\t\t\t\t\t\t\t\t\t\t<\/a>\n\t\t\t\t\t\t\t\t\t<\/li>\n\t\t\t\t\t\t\t\t<li class=\"elementor-icon-list-item\">\n\t\t\t\t\t\t\t\t\t\t\t<a href=\"https:\/\/jtgroup.ro\/wp-content\/uploads\/2024\/05\/Prospectul-de-oferta-aprobat-de-ASF.pdf\">\n\n\t\t\t\t\t\t\t\t\t\t\t\t<span class=\"elementor-icon-list-icon\">\n\t\t\t\t\t\t\t<i aria-hidden=\"true\" class=\"far fa-file-alt\"><\/i>\t\t\t\t\t\t<\/span>\n\t\t\t\t\t\t\t\t\t\t<span class=\"elementor-icon-list-text\">The offer prospectus approved by ASF<\/span>\n\t\t\t\t\t\t\t\t\t\t\t<\/a>\n\t\t\t\t\t\t\t\t\t<\/li>\n\t\t\t\t\t\t\t\t<li class=\"elementor-icon-list-item\">\n\t\t\t\t\t\t\t\t\t\t\t<a href=\"https:\/\/jtgroup.ro\/wp-content\/uploads\/2024\/05\/Formular-subscriere-.pdf\">\n\n\t\t\t\t\t\t\t\t\t\t\t\t<span class=\"elementor-icon-list-icon\">\n\t\t\t\t\t\t\t<i aria-hidden=\"true\" class=\"far fa-file-alt\"><\/i>\t\t\t\t\t\t<\/span>\n\t\t\t\t\t\t\t\t\t\t<span class=\"elementor-icon-list-text\">Subscription form<\/span>\n\t\t\t\t\t\t\t\t\t\t\t<\/a>\n\t\t\t\t\t\t\t\t\t<\/li>\n\t\t\t\t\t\t\t\t<li class=\"elementor-icon-list-item\">\n\t\t\t\t\t\t\t\t\t\t\t<a href=\"https:\/\/jtgroup.ro\/wp-content\/uploads\/2024\/05\/Formular-de-retragere-a-acceptului-de-subscriere.pdf\">\n\n\t\t\t\t\t\t\t\t\t\t\t\t<span class=\"elementor-icon-list-icon\">\n\t\t\t\t\t\t\t<i aria-hidden=\"true\" class=\"far fa-file-alt\"><\/i>\t\t\t\t\t\t<\/span>\n\t\t\t\t\t\t\t\t\t\t<span class=\"elementor-icon-list-text\">Subscription withdrawal form<\/span>\n\t\t\t\t\t\t\t\t\t\t\t<\/a>\n\t\t\t\t\t\t\t\t\t<\/li>\n\t\t\t\t\t\t\t\t<li class=\"elementor-icon-list-item\">\n\t\t\t\t\t\t\t\t\t\t\t<a href=\"https:\/\/jtgroup.ro\/wp-content\/uploads\/2024\/05\/Angajament-intermediari.pdf\">\n\n\t\t\t\t\t\t\t\t\t\t\t\t<span class=\"elementor-icon-list-icon\">\n\t\t\t\t\t\t\t<i aria-hidden=\"true\" class=\"far fa-file-alt\"><\/i>\t\t\t\t\t\t<\/span>\n\t\t\t\t\t\t\t\t\t\t<span class=\"elementor-icon-list-text\">Intermediary commitment<\/span>\n\t\t\t\t\t\t\t\t\t\t\t<\/a>\n\t\t\t\t\t\t\t\t\t<\/li>\n\t\t\t\t\t\t<\/ul>\n\t\t\t\t\t\t<\/div>\n\t\t\t\t<\/div>\n\t\t\t\t<\/div>\n\t\t<div class=\"elementor-element elementor-element-6edad8d e-con-full elementor-hidden-tablet elementor-hidden-mobile e-flex e-con e-child\" data-id=\"6edad8d\" data-element_type=\"container\">\n\t\t\t\t<\/div>\n\t\t\t\t<\/div>\n\t\t<div class=\"elementor-element elementor-element-601bed3 e-flex e-con-boxed e-con e-parent\" data-id=\"601bed3\" data-element_type=\"container\">\n\t\t\t\t\t<div class=\"e-con-inner\">\n\t\t\t\t<div class=\"elementor-element elementor-element-e857fd4 elementor-widget elementor-widget-heading\" data-id=\"e857fd4\" data-element_type=\"widget\" data-widget_type=\"heading.default\">\n\t\t\t\t<div class=\"elementor-widget-container\">\n\t\t\t\t\t<h2 class=\"elementor-heading-title elementor-size-default\">Contact Investors<\/h2>\t\t\t\t<\/div>\n\t\t\t\t<\/div>\n\t\t\t\t<div class=\"elementor-element elementor-element-21ec0ae elementor-widget-divider--view-line elementor-widget elementor-widget-divider\" data-id=\"21ec0ae\" data-element_type=\"widget\" data-widget_type=\"divider.default\">\n\t\t\t\t<div class=\"elementor-widget-container\">\n\t\t\t\t\t\t\t<div class=\"elementor-divider\">\n\t\t\t<span class=\"elementor-divider-separator\">\n\t\t\t\t\t\t<\/span>\n\t\t<\/div>\n\t\t\t\t\t\t<\/div>\n\t\t\t\t<\/div>\n\t\t\t\t<div class=\"elementor-element elementor-element-0a20e4e elementor-tabs-view-horizontal elementor-widget elementor-widget-tabs\" data-id=\"0a20e4e\" data-element_type=\"widget\" data-widget_type=\"tabs.default\">\n\t\t\t\t<div class=\"elementor-widget-container\">\n\t\t\t\t\t\t\t<div class=\"elementor-tabs\">\n\t\t\t<div class=\"elementor-tabs-wrapper\" role=\"tablist\" >\n\t\t\t\t\t\t\t\t\t<div id=\"elementor-tab-title-1061\" class=\"elementor-tab-title elementor-tab-desktop-title\" aria-selected=\"true\" data-tab=\"1\" role=\"tab\" tabindex=\"0\" aria-controls=\"elementor-tab-content-1061\" aria-expanded=\"false\">Contact Investors<\/div>\n\t\t\t\t\t\t\t\t\t<div id=\"elementor-tab-title-1062\" class=\"elementor-tab-title elementor-tab-desktop-title\" aria-selected=\"false\" data-tab=\"2\" role=\"tab\" tabindex=\"-1\" aria-controls=\"elementor-tab-content-1062\" aria-expanded=\"false\">Authorized Consultant<\/div>\n\t\t\t\t\t\t\t\t\t<div id=\"elementor-tab-title-1063\" class=\"elementor-tab-title elementor-tab-desktop-title\" aria-selected=\"false\" data-tab=\"3\" role=\"tab\" tabindex=\"-1\" aria-controls=\"elementor-tab-content-1063\" aria-expanded=\"false\">List of intermediaries<\/div>\n\t\t\t\t\t\t\t<\/div>\n\t\t\t<div class=\"elementor-tabs-content-wrapper\" role=\"tablist\" aria-orientation=\"vertical\">\n\t\t\t\t\t\t\t\t\t<div class=\"elementor-tab-title elementor-tab-mobile-title\" aria-selected=\"true\" data-tab=\"1\" role=\"tab\" tabindex=\"0\" aria-controls=\"elementor-tab-content-1061\" aria-expanded=\"false\">Contact Investors<\/div>\n\t\t\t\t\t<div id=\"elementor-tab-content-1061\" class=\"elementor-tab-content elementor-clearfix\" data-tab=\"1\" role=\"tabpanel\" aria-labelledby=\"elementor-tab-title-1061\" tabindex=\"0\" hidden=\"false\"><p>Bogdan Aldea<br \/>The President of the Board of Directors \u2013 JT GRUP OIL SA SA<br \/>0730556200<br \/><a href=\"mailto:office@jtgroup.ro\">office@jtgroup.ro<\/a><br \/>www.<a href=\"mailto:office@jtgroup.ro\">jtgroup.ro<\/a><\/p><\/div>\n\t\t\t\t\t\t\t\t\t<div class=\"elementor-tab-title elementor-tab-mobile-title\" aria-selected=\"false\" data-tab=\"2\" role=\"tab\" tabindex=\"-1\" aria-controls=\"elementor-tab-content-1062\" aria-expanded=\"false\">Authorized Consultant<\/div>\n\t\t\t\t\t<div id=\"elementor-tab-content-1062\" class=\"elementor-tab-content elementor-clearfix\" data-tab=\"2\" role=\"tabpanel\" aria-labelledby=\"elementor-tab-title-1062\" tabindex=\"0\" hidden=\"hidden\"><p><span class=\"TextRun Highlight MacChromeBold SCXW249483856 BCX8\" lang=\"RO-RO\" xml:lang=\"RO-RO\" data-contrast=\"none\"><span class=\"NormalTextRun SCXW249483856 BCX8\" data-ccp-charstyle=\"normaltextrun\" data-ccp-charstyle-defn=\"{&quot;ObjectId&quot;:&quot;3aee2e4c-36f2-4f3e-8e0b-12ecc66944cc|56&quot;,&quot;ClassId&quot;:1073872969,&quot;Properties&quot;:[469775450,&quot;normaltextrun&quot;,201340122,&quot;1&quot;,134233614,&quot;true&quot;,469778129,&quot;normaltextrun&quot;,335572020,&quot;1&quot;,469778324,&quot;Default Paragraph Font&quot;]}\">SSIF INTERDEALER CAPITAL INVEST SA<\/span><\/span><span class=\"TextRun Highlight SCXW249483856 BCX8\" lang=\"RO-RO\" xml:lang=\"RO-RO\" data-contrast=\"none\"><span class=\"NormalTextRun SCXW249483856 BCX8\" data-ccp-charstyle=\"normaltextrun\">.<\/span><\/span><\/p><p>Address: Cluj \u2013 Napoca, str. Republicii,<br \/>no. 107, floor 4, Cluj county<br \/>Phone: 0264 \u2013 433212<\/p><p>Fax: 0264 \u2013 432266<br \/>Email: office@interdealer.ro<\/p><p><a href=\"https:\/\/interdealer.ro\/\">www.interdealer.ro<\/a><\/p><\/div>\n\t\t\t\t\t\t\t\t\t<div class=\"elementor-tab-title elementor-tab-mobile-title\" aria-selected=\"false\" data-tab=\"3\" role=\"tab\" tabindex=\"-1\" aria-controls=\"elementor-tab-content-1063\" aria-expanded=\"false\">List of intermediaries<\/div>\n\t\t\t\t\t<div id=\"elementor-tab-content-1063\" class=\"elementor-tab-content elementor-clearfix\" data-tab=\"3\" role=\"tabpanel\" aria-labelledby=\"elementor-tab-title-1063\" tabindex=\"0\" hidden=\"hidden\"><p>The list of intermediaries through which the shares can be subscribed within the initial public offer for the sale of the shares of the issuer JT GRUP OIL SA:<\/p><p>\u2022 \u2060PRIME TRANSACTION SA<br \/>\u2022 \u2060BRD-GSG SA<br \/>IFB FINWEST SA<br \/>\u2022\u2060 SWISS CAPITAL SA<br \/>\u2022 \u2060BANCA COMERCIALA ROMANA SA<br \/>\u2022\u2060 BRK FINANCIAL GROUP SA<br \/>\u2022 \u2060ESTINVEST SA<br \/>\u2022\u2060 MUNTENIA GLOBAL INVEST SA<br \/>\u2022 \u2060INTERFINBROK CORPORATION SA<br \/>\u2022 \u2060TRADEVILLE SA<br \/>\u2022\u2060BT CAPITAL PARTNERS SA<br \/>\u2022\u2060 INVESTMENTAL SA<br \/>\u2022 \u2060GOLDRING SA<br \/>ALPHA BANK ROMANIA SA<br \/>\u2022\u2060 INTERDEALER CAPITAL INVEST SA<\/p><\/div>\n\t\t\t\t\t\t\t<\/div>\n\t\t<\/div>\n\t\t\t\t\t\t<\/div>\n\t\t\t\t<\/div>\n\t\t\t\t\t<\/div>\n\t\t\t\t<\/div>\n\t\t<div class=\"elementor-element elementor-element-e09b1e4 e-flex e-con-boxed e-con e-parent\" data-id=\"e09b1e4\" data-element_type=\"container\" data-settings=\"{&quot;background_background&quot;:&quot;classic&quot;}\">\n\t\t\t\t\t<div class=\"e-con-inner\">\n\t\t<div class=\"elementor-element elementor-element-9ae49c2 e-con-full e-flex e-con e-child\" data-id=\"9ae49c2\" data-element_type=\"container\">\n\t\t\t\t<div class=\"elementor-element elementor-element-c91e756 elementor-widget elementor-widget-heading\" data-id=\"c91e756\" data-element_type=\"widget\" data-widget_type=\"heading.default\">\n\t\t\t\t<div class=\"elementor-widget-container\">\n\t\t\t\t\t<h2 class=\"elementor-heading-title elementor-size-default\">JT Terminal, the first private terminal for liquid petroleum products on the Black Sea\n<\/br>\n<\/br>\nA strategic project for Romania <\/h2>\t\t\t\t<\/div>\n\t\t\t\t<\/div>\n\t\t\t\t<div class=\"elementor-element elementor-element-1db3be9 elementor-widget elementor-widget-text-editor\" data-id=\"1db3be9\" data-element_type=\"widget\" data-widget_type=\"text-editor.default\">\n\t\t\t\t<div class=\"elementor-widget-container\">\n\t\t\t\t\t\t\t\t\t<p>Located in the Free Zone of Constan\u021ba Port, JT Terminal is the newest multi-modal and fully automated terminal for liquid petroleum products built in Romania in the last 50 years that operates specific products such as:<\/p><ul class=\"list-styled\"><li>diesel fuel<\/li><li>Biodiesel<\/li><li>Bitumen<\/li><li>Other liquid products<\/li><\/ul>\t\t\t\t\t\t\t\t<\/div>\n\t\t\t\t<\/div>\n\t\t\t\t<div class=\"elementor-element elementor-element-763553e elementor-widget elementor-widget-button\" data-id=\"763553e\" data-element_type=\"widget\" data-widget_type=\"button.default\">\n\t\t\t\t<div class=\"elementor-widget-container\">\n\t\t\t\t\t\t\t\t\t<div class=\"elementor-button-wrapper\">\n\t\t\t\t\t<a class=\"elementor-button elementor-button-link elementor-size-sm\" href=\"https:\/\/jtgroup.ro\/en\/jt-oil-terminal\/\">\n\t\t\t\t\t\t<span class=\"elementor-button-content-wrapper\">\n\t\t\t\t\t\t\t\t\t<span class=\"elementor-button-text\">See more details<\/span>\n\t\t\t\t\t<\/span>\n\t\t\t\t\t<\/a>\n\t\t\t\t<\/div>\n\t\t\t\t\t\t\t\t<\/div>\n\t\t\t\t<\/div>\n\t\t\t\t<\/div>\n\t\t<div class=\"elementor-element elementor-element-95fd488 e-con-full elementor-hidden-tablet elementor-hidden-mobile e-flex e-con e-child\" data-id=\"95fd488\" data-element_type=\"container\">\n\t\t\t\t<\/div>\n\t\t\t\t\t<\/div>\n\t\t\t\t<\/div>\n\t\t\t\t<\/div>","protected":false},"excerpt":{"rendered":"<p>Essential information regarding the public offer The Financial Supervision Authority (ASF) approved by decision no. 489 of May 23, 2024, EU Prospectus for<span class=\"more-dots\">&#8230;<\/span> <span class=\"more-tag\"><a class=\"more-link\" href=\"https:\/\/jtgroup.ro\/en\/oferta-publica-de-vanzare-actiuni-jt-grup-oil-sa\/\">Read more<span class=\"screen-reader-text\"> &quot;Public Offer for Sale of JT GRUP OIL SA Shares&quot;<\/span><\/a><\/span><!-- .more-tag --><\/p>","protected":false},"author":1,"featured_media":0,"parent":0,"menu_order":0,"comment_status":"closed","ping_status":"closed","template":"page-templates\/full-width.php","meta":{"footnotes":""},"class_list":["post-3696","page","type-page","status-publish","hentry"],"yoast_head":"<!-- This site is optimized with the Yoast SEO plugin v26.6 - https:\/\/yoast.com\/wordpress\/plugins\/seo\/ -->\n<title>Ofert\u0103 Public\u0103 de V\u00e2nzare Ac\u021biuni JT GRUP OIL SA - JT Grup Oil<\/title>\n<meta name=\"robots\" content=\"index, follow, max-snippet:-1, max-image-preview:large, max-video-preview:-1\" \/>\n<link rel=\"canonical\" href=\"https:\/\/jtgroup.ro\/en\/oferta-publica-de-vanzare-actiuni-jt-grup-oil-sa\/\" \/>\n<meta property=\"og:locale\" content=\"en_US\" \/>\n<meta property=\"og:type\" content=\"article\" \/>\n<meta property=\"og:title\" content=\"Ofert\u0103 Public\u0103 de V\u00e2nzare Ac\u021biuni JT GRUP OIL SA - JT Grup Oil\" \/>\n<meta property=\"og:description\" content=\"Informa\u021bii esen\u021biale privind oferta public\u0103 Autoritatea de Supraveghere Financiar\u0103 (ASF) a aprobat prin decizia nr. 489 din data de 23 mai 2024, Prospectul UE pentru...\" \/>\n<meta property=\"og:url\" content=\"https:\/\/jtgroup.ro\/en\/oferta-publica-de-vanzare-actiuni-jt-grup-oil-sa\/\" \/>\n<meta property=\"og:site_name\" content=\"JT Grup Oil\" \/>\n<meta property=\"article:modified_time\" content=\"2024-05-29T11:52:07+00:00\" \/>\n<meta name=\"twitter:card\" content=\"summary_large_image\" \/>\n<meta name=\"twitter:label1\" content=\"Est. reading time\" \/>\n\t<meta name=\"twitter:data1\" content=\"3 minutes\" \/>\n<script type=\"application\/ld+json\" class=\"yoast-schema-graph\">{\"@context\":\"https:\/\/schema.org\",\"@graph\":[{\"@type\":\"WebPage\",\"@id\":\"https:\/\/jtgroup.ro\/oferta-publica-de-vanzare-actiuni-jt-grup-oil-sa\/\",\"url\":\"https:\/\/jtgroup.ro\/oferta-publica-de-vanzare-actiuni-jt-grup-oil-sa\/\",\"name\":\"Ofert\u0103 Public\u0103 de V\u00e2nzare Ac\u021biuni JT GRUP OIL SA - JT Grup Oil\",\"isPartOf\":{\"@id\":\"https:\/\/jtgroup.ro\/#website\"},\"datePublished\":\"2024-05-24T09:19:36+00:00\",\"dateModified\":\"2024-05-29T11:52:07+00:00\",\"breadcrumb\":{\"@id\":\"https:\/\/jtgroup.ro\/oferta-publica-de-vanzare-actiuni-jt-grup-oil-sa\/#breadcrumb\"},\"inLanguage\":\"en-US\",\"potentialAction\":[{\"@type\":\"ReadAction\",\"target\":[\"https:\/\/jtgroup.ro\/oferta-publica-de-vanzare-actiuni-jt-grup-oil-sa\/\"]}]},{\"@type\":\"BreadcrumbList\",\"@id\":\"https:\/\/jtgroup.ro\/oferta-publica-de-vanzare-actiuni-jt-grup-oil-sa\/#breadcrumb\",\"itemListElement\":[{\"@type\":\"ListItem\",\"position\":1,\"name\":\"Homepage\",\"item\":\"https:\/\/jtgroup.ro\/\"},{\"@type\":\"ListItem\",\"position\":2,\"name\":\"Ofert\u0103 Public\u0103 de V\u00e2nzare Ac\u021biuni JT GRUP OIL SA\"}]},{\"@type\":\"WebSite\",\"@id\":\"https:\/\/jtgroup.ro\/#website\",\"url\":\"https:\/\/jtgroup.ro\/\",\"name\":\"JT Grup Oil\",\"description\":\"Transport \u0219i distribu\u021bie carburanti\",\"publisher\":{\"@id\":\"https:\/\/jtgroup.ro\/#organization\"},\"potentialAction\":[{\"@type\":\"SearchAction\",\"target\":{\"@type\":\"EntryPoint\",\"urlTemplate\":\"https:\/\/jtgroup.ro\/?s={search_term_string}\"},\"query-input\":{\"@type\":\"PropertyValueSpecification\",\"valueRequired\":true,\"valueName\":\"search_term_string\"}}],\"inLanguage\":\"en-US\"},{\"@type\":\"Organization\",\"@id\":\"https:\/\/jtgroup.ro\/#organization\",\"name\":\"JT Grup Oil\",\"url\":\"https:\/\/jtgroup.ro\/\",\"logo\":{\"@type\":\"ImageObject\",\"inLanguage\":\"en-US\",\"@id\":\"https:\/\/jtgroup.ro\/#\/schema\/logo\/image\/\",\"url\":\"https:\/\/jtgroup.ro\/wp-content\/uploads\/2024\/05\/logo.png\",\"contentUrl\":\"https:\/\/jtgroup.ro\/wp-content\/uploads\/2024\/05\/logo.png\",\"width\":668,\"height\":184,\"caption\":\"JT Grup Oil\"},\"image\":{\"@id\":\"https:\/\/jtgroup.ro\/#\/schema\/logo\/image\/\"}}]}<\/script>\n<!-- \/ Yoast SEO plugin. -->","yoast_head_json":{"title":"Ofert\u0103 Public\u0103 de V\u00e2nzare Ac\u021biuni JT GRUP OIL SA - JT Grup Oil","robots":{"index":"index","follow":"follow","max-snippet":"max-snippet:-1","max-image-preview":"max-image-preview:large","max-video-preview":"max-video-preview:-1"},"canonical":"https:\/\/jtgroup.ro\/en\/oferta-publica-de-vanzare-actiuni-jt-grup-oil-sa\/","og_locale":"en_US","og_type":"article","og_title":"Ofert\u0103 Public\u0103 de V\u00e2nzare Ac\u021biuni JT GRUP OIL SA - JT Grup Oil","og_description":"Informa\u021bii esen\u021biale privind oferta public\u0103 Autoritatea de Supraveghere Financiar\u0103 (ASF) a aprobat prin decizia nr. 489 din data de 23 mai 2024, Prospectul UE pentru...","og_url":"https:\/\/jtgroup.ro\/en\/oferta-publica-de-vanzare-actiuni-jt-grup-oil-sa\/","og_site_name":"JT Grup Oil","article_modified_time":"2024-05-29T11:52:07+00:00","twitter_card":"summary_large_image","twitter_misc":{"Est. reading time":"3 minutes"},"schema":{"@context":"https:\/\/schema.org","@graph":[{"@type":"WebPage","@id":"https:\/\/jtgroup.ro\/oferta-publica-de-vanzare-actiuni-jt-grup-oil-sa\/","url":"https:\/\/jtgroup.ro\/oferta-publica-de-vanzare-actiuni-jt-grup-oil-sa\/","name":"Ofert\u0103 Public\u0103 de V\u00e2nzare Ac\u021biuni JT GRUP OIL SA - JT Grup Oil","isPartOf":{"@id":"https:\/\/jtgroup.ro\/#website"},"datePublished":"2024-05-24T09:19:36+00:00","dateModified":"2024-05-29T11:52:07+00:00","breadcrumb":{"@id":"https:\/\/jtgroup.ro\/oferta-publica-de-vanzare-actiuni-jt-grup-oil-sa\/#breadcrumb"},"inLanguage":"en-US","potentialAction":[{"@type":"ReadAction","target":["https:\/\/jtgroup.ro\/oferta-publica-de-vanzare-actiuni-jt-grup-oil-sa\/"]}]},{"@type":"BreadcrumbList","@id":"https:\/\/jtgroup.ro\/oferta-publica-de-vanzare-actiuni-jt-grup-oil-sa\/#breadcrumb","itemListElement":[{"@type":"ListItem","position":1,"name":"Homepage","item":"https:\/\/jtgroup.ro\/"},{"@type":"ListItem","position":2,"name":"Ofert\u0103 Public\u0103 de V\u00e2nzare Ac\u021biuni JT GRUP OIL SA"}]},{"@type":"WebSite","@id":"https:\/\/jtgroup.ro\/#website","url":"https:\/\/jtgroup.ro\/","name":"JT Grup Oil","description":"Transportation and fuel distribution","publisher":{"@id":"https:\/\/jtgroup.ro\/#organization"},"potentialAction":[{"@type":"SearchAction","target":{"@type":"EntryPoint","urlTemplate":"https:\/\/jtgroup.ro\/?s={search_term_string}"},"query-input":{"@type":"PropertyValueSpecification","valueRequired":true,"valueName":"search_term_string"}}],"inLanguage":"en-US"},{"@type":"Organization","@id":"https:\/\/jtgroup.ro\/#organization","name":"JT Grup Oil","url":"https:\/\/jtgroup.ro\/","logo":{"@type":"ImageObject","inLanguage":"en-US","@id":"https:\/\/jtgroup.ro\/#\/schema\/logo\/image\/","url":"https:\/\/jtgroup.ro\/wp-content\/uploads\/2024\/05\/logo.png","contentUrl":"https:\/\/jtgroup.ro\/wp-content\/uploads\/2024\/05\/logo.png","width":668,"height":184,"caption":"JT Grup Oil"},"image":{"@id":"https:\/\/jtgroup.ro\/#\/schema\/logo\/image\/"}}]}},"_links":{"self":[{"href":"https:\/\/jtgroup.ro\/en\/wp-json\/wp\/v2\/pages\/3696","targetHints":{"allow":["GET"]}}],"collection":[{"href":"https:\/\/jtgroup.ro\/en\/wp-json\/wp\/v2\/pages"}],"about":[{"href":"https:\/\/jtgroup.ro\/en\/wp-json\/wp\/v2\/types\/page"}],"author":[{"embeddable":true,"href":"https:\/\/jtgroup.ro\/en\/wp-json\/wp\/v2\/users\/1"}],"replies":[{"embeddable":true,"href":"https:\/\/jtgroup.ro\/en\/wp-json\/wp\/v2\/comments?post=3696"}],"version-history":[{"count":21,"href":"https:\/\/jtgroup.ro\/en\/wp-json\/wp\/v2\/pages\/3696\/revisions"}],"predecessor-version":[{"id":3801,"href":"https:\/\/jtgroup.ro\/en\/wp-json\/wp\/v2\/pages\/3696\/revisions\/3801"}],"wp:attachment":[{"href":"https:\/\/jtgroup.ro\/en\/wp-json\/wp\/v2\/media?parent=3696"}],"curies":[{"name":"wp","href":"https:\/\/api.w.org\/{rel}","templated":true}]}}