{"id":3490,"date":"2024-05-20T14:23:26","date_gmt":"2024-05-20T11:23:26","guid":{"rendered":"https:\/\/jtgroup.ro\/?page_id=3490"},"modified":"2024-05-20T14:41:16","modified_gmt":"2024-05-20T11:41:16","slug":"comunicate-de-presa","status":"publish","type":"page","link":"https:\/\/jtgroup.ro\/en\/comunicate-de-presa\/","title":{"rendered":"Press Releases"},"content":{"rendered":"<div data-elementor-type=\"wp-page\" data-elementor-id=\"3490\" class=\"elementor elementor-3490\">\n\t\t\t\t<div class=\"elementor-element elementor-element-8d301e6 e-flex e-con-boxed e-con e-parent\" data-id=\"8d301e6\" data-element_type=\"container\">\n\t\t\t\t\t<div class=\"e-con-inner\">\n\t\t\t\t<div class=\"elementor-element elementor-element-ca15a87 elementor-widget elementor-widget-wp-widget-custom-posts\" data-id=\"ca15a87\" data-element_type=\"widget\" data-widget_type=\"wp-widget-custom-posts.default\">\n\t\t\t\t<div class=\"elementor-widget-container\">\n\t\t\t\t\t<div class=\"widget-posts-gird grid-absolute layout-cols-2 layout-cols-absolute layout-gap-15\"><div class=\"grid-wrapper\">\n\t\t\t<div class=\"grid-item\">\n\t\t\t<article class=\"post-4147 post type-post status-publish format-status has-post-thumbnail hentry category-comunicate-presa post_format-post-format-status\">\n\t\t\t\t\t\t\t\t\t<div class=\"content-absolute\">\n\t\t\t\t\t\t<div class=\"posts-list-thumbnail\">\n\t\t\t\t\t\t\t<img fetchpriority=\"high\" decoding=\"async\" width=\"800\" height=\"400\" src=\"https:\/\/jtgroup.ro\/wp-content\/uploads\/2025\/03\/JT-Oil_Cover_Comunicate-800x400.png\" class=\"attachment-oktan-square-half size-oktan-square-half wp-post-image\" alt=\"JT Grup anun\u021b\u0103 rezultate financiare \u0219i opera\u021bionale solide pentru primul trimestru al anului 2025\" \/>\t\t\t\t\t\t\t<a class=\"abs-link\" href=\"https:\/\/jtgroup.ro\/en\/jt-grup-anunta-rezultate-financiare-si-operationale-solide-pentru-primul-trimestru-al-anului-2025\/\"><\/a>\n\t\t\t\t\t\t<\/div>\n\t\t\t\t\t\t<div class=\"overlap-content\">\n\t\t\t\t\t\t\t<h5 class=\"post-title\">\n\t\t\t\t\t\t\t\t<a href=\"https:\/\/jtgroup.ro\/en\/jt-grup-anunta-rezultate-financiare-si-operationale-solide-pentru-primul-trimestru-al-anului-2025\/\">JT Grup announces solid financial and operational results for the first quarter of 2025<\/a>\n\t\t\t\t\t\t\t<\/h5>\n\t\t\t\t\t\t\t\t\t\t\t\t\t<\/div><!-- .content-overlap -->\n\t\t\t\t\t<\/div><!-- .content-absolute -->\n\t\t\t\t\t\t\t<\/article>\n\t\t<\/div><!-- .grid-item -->\n\t\t\t<div class=\"grid-item\">\n\t\t\t<article class=\"post-4137 post type-post status-publish format-status has-post-thumbnail hentry category-comunicate-presa post_format-post-format-status\">\n\t\t\t\t\t\t\t\t\t<div class=\"content-absolute\">\n\t\t\t\t\t\t<div class=\"posts-list-thumbnail\">\n\t\t\t\t\t\t\t<img decoding=\"async\" width=\"800\" height=\"400\" src=\"https:\/\/jtgroup.ro\/wp-content\/uploads\/2024\/12\/DJI_20241213111125_0156_D-scaled-e1734361444235-800x400.jpg\" class=\"attachment-oktan-square-half size-oktan-square-half wp-post-image\" alt=\"JT GRUP OIL anun\u021b\u0103 performan\u021be notabile pentru 2024\" \/>\t\t\t\t\t\t\t<a class=\"abs-link\" href=\"https:\/\/jtgroup.ro\/en\/jt-grup-oil-anunta-performante-notabile-pentru-2024\/\"><\/a>\n\t\t\t\t\t\t<\/div>\n\t\t\t\t\t\t<div class=\"overlap-content\">\n\t\t\t\t\t\t\t<h5 class=\"post-title\">\n\t\t\t\t\t\t\t\t<a href=\"https:\/\/jtgroup.ro\/en\/jt-grup-oil-anunta-performante-notabile-pentru-2024\/\">JT GRUP OIL announces notable performances for 2024<\/a>\n\t\t\t\t\t\t\t<\/h5>\n\t\t\t\t\t\t\t\t\t\t\t\t\t<\/div><!-- .content-overlap -->\n\t\t\t\t\t<\/div><!-- .content-absolute -->\n\t\t\t\t\t\t\t<\/article>\n\t\t<\/div><!-- .grid-item -->\n\t\t\t<div class=\"grid-item\">\n\t\t\t<article class=\"post-4117 post type-post status-publish format-status has-post-thumbnail hentry category-comunicate-presa post_format-post-format-status\">\n\t\t\t\t\t\t\t\t\t<div class=\"content-absolute\">\n\t\t\t\t\t\t<div class=\"posts-list-thumbnail\">\n\t\t\t\t\t\t\t<img decoding=\"async\" width=\"800\" height=\"400\" src=\"https:\/\/jtgroup.ro\/wp-content\/uploads\/2025\/03\/JT-Oil_Cover_Comunicate-1-800x400.png\" class=\"attachment-oktan-square-half size-oktan-square-half wp-post-image\" alt=\"E-Dynamic Structures SRL a renun\u021bat la procesul deschis \u00eempotriva JT Group Oil SA\" \/>\t\t\t\t\t\t\t<a class=\"abs-link\" href=\"https:\/\/jtgroup.ro\/en\/e-dynamic-structures-srl-a-renuntat-la-procesul-deschis-impotriva-jt-group-oil-sa\/\"><\/a>\n\t\t\t\t\t\t<\/div>\n\t\t\t\t\t\t<div class=\"overlap-content\">\n\t\t\t\t\t\t\t<h5 class=\"post-title\">\n\t\t\t\t\t\t\t\t<a href=\"https:\/\/jtgroup.ro\/en\/e-dynamic-structures-srl-a-renuntat-la-procesul-deschis-impotriva-jt-group-oil-sa\/\">E-Dynamic Structures SRL dropped the lawsuit against JT Group Oil SA<\/a>\n\t\t\t\t\t\t\t<\/h5>\n\t\t\t\t\t\t\t\t\t\t\t\t\t<\/div><!-- .content-overlap -->\n\t\t\t\t\t<\/div><!-- .content-absolute -->\n\t\t\t\t\t\t\t<\/article>\n\t\t<\/div><!-- .grid-item -->\n\t\t\t<div class=\"grid-item\">\n\t\t\t<article class=\"post-4096 post type-post status-publish format-status has-post-thumbnail hentry category-comunicate-presa post_format-post-format-status\">\n\t\t\t\t\t\t\t\t\t<div class=\"content-absolute\">\n\t\t\t\t\t\t<div class=\"posts-list-thumbnail\">\n\t\t\t\t\t\t\t<img loading=\"lazy\" decoding=\"async\" width=\"800\" height=\"400\" src=\"https:\/\/jtgroup.ro\/wp-content\/uploads\/2025\/03\/JT-Oil_Cover_Comunicate-800x400.png\" class=\"attachment-oktan-square-half size-oktan-square-half wp-post-image\" alt=\"POZI\u021aIE OFICIAL\u0102 JT GRUP OIL S.A. \u2013 04.03.2025\" \/>\t\t\t\t\t\t\t<a class=\"abs-link\" href=\"https:\/\/jtgroup.ro\/en\/pozitie-oficiala-jt-grup-oil-s-a-04-03-2025\/\"><\/a>\n\t\t\t\t\t\t<\/div>\n\t\t\t\t\t\t<div class=\"overlap-content\">\n\t\t\t\t\t\t\t<h5 class=\"post-title\">\n\t\t\t\t\t\t\t\t<a href=\"https:\/\/jtgroup.ro\/en\/pozitie-oficiala-jt-grup-oil-s-a-04-03-2025\/\">OFFICIAL POSITION JT GRUP OIL SA \u2013 04.03.2025<\/a>\n\t\t\t\t\t\t\t<\/h5>\n\t\t\t\t\t\t\t\t\t\t\t\t\t<\/div><!-- .content-overlap -->\n\t\t\t\t\t<\/div><!-- .content-absolute -->\n\t\t\t\t\t\t\t<\/article>\n\t\t<\/div><!-- .grid-item -->\n\t\t\t<div class=\"grid-item\">\n\t\t\t<article class=\"post-4046 post type-post status-publish format-status has-post-thumbnail hentry category-comunicate-presa post_format-post-format-status\">\n\t\t\t\t\t\t\t\t\t<div class=\"content-absolute\">\n\t\t\t\t\t\t<div class=\"posts-list-thumbnail\">\n\t\t\t\t\t\t\t<img loading=\"lazy\" decoding=\"async\" width=\"800\" height=\"400\" src=\"https:\/\/jtgroup.ro\/wp-content\/uploads\/2025\/01\/JT-Oil_Cover_Comunicate-800x400.png\" class=\"attachment-oktan-square-half size-oktan-square-half wp-post-image\" alt=\"Comunicat Pres\u0103 \u2013 15.01.2025 \u2013 Distribuitorul de carburan\u021bi  JT Grup Oil \u00ee\u0219i extinde capacitatea logistic\u0103 cu \u00eenc\u0103 4.000 de tone prin achizi\u021bia celei mai mari navei de bunkeraj, Delta Oil.\" \/>\t\t\t\t\t\t\t<a class=\"abs-link\" href=\"https:\/\/jtgroup.ro\/en\/comunicat-presa-15-01-2025-distribuitorul-de-carburanti-jt-grup-oil-isi-extinde-capacitatea-logistica-cu-inca-4-000-de-tone-prin-achizitia-celei-mai-mari-navei-de-bunkeraj-delta\/\"><\/a>\n\t\t\t\t\t\t<\/div>\n\t\t\t\t\t\t<div class=\"overlap-content\">\n\t\t\t\t\t\t\t<h5 class=\"post-title\">\n\t\t\t\t\t\t\t\t<a href=\"https:\/\/jtgroup.ro\/en\/comunicat-presa-15-01-2025-distribuitorul-de-carburanti-jt-grup-oil-isi-extinde-capacitatea-logistica-cu-inca-4-000-de-tone-prin-achizitia-celei-mai-mari-navei-de-bunkeraj-delta\/\">Press Release \u2013 15.01.2025 \u2013 Fuel distributor JT Grup Oil expands its logistics capacity by another 4,000 tons through the acquisition of the largest bunkering vessel, Delta Oil.<\/a>\n\t\t\t\t\t\t\t<\/h5>\n\t\t\t\t\t\t\t\t\t\t\t\t\t<\/div><!-- .content-overlap -->\n\t\t\t\t\t<\/div><!-- .content-absolute -->\n\t\t\t\t\t\t\t<\/article>\n\t\t<\/div><!-- .grid-item -->\n\t<\/div>\n<\/div><!-- .widget-posts-grid -->\n\t\t\t\t<\/div>\n\t\t\t\t<\/div>\n\t\t\t\t<div class=\"elementor-element elementor-element-0175603 elementor-widget-divider--view-line elementor-widget elementor-widget-divider\" data-id=\"0175603\" data-element_type=\"widget\" data-widget_type=\"divider.default\">\n\t\t\t\t<div class=\"elementor-widget-container\">\n\t\t\t\t\t\t\t<div class=\"elementor-divider\">\n\t\t\t<span class=\"elementor-divider-separator\">\n\t\t\t\t\t\t<\/span>\n\t\t<\/div>\n\t\t\t\t\t\t<\/div>\n\t\t\t\t<\/div>\n\t\t\t\t\t<\/div>\n\t\t\t\t<\/div>\n\t\t\t\t<\/div>","protected":false},"excerpt":{"rendered":"","protected":false},"author":1,"featured_media":0,"parent":0,"menu_order":0,"comment_status":"closed","ping_status":"closed","template":"page-templates\/full-width.php","meta":{"footnotes":""},"class_list":["post-3490","page","type-page","status-publish","hentry"],"yoast_head":"<!-- This site is optimized with the Yoast SEO plugin v26.6 - https:\/\/yoast.com\/wordpress\/plugins\/seo\/ -->\n<title>Comunicate de Pres\u0103 - JT Grup Oil<\/title>\n<meta name=\"robots\" content=\"index, follow, max-snippet:-1, max-image-preview:large, max-video-preview:-1\" \/>\n<link rel=\"canonical\" href=\"https:\/\/jtgroup.ro\/en\/comunicate-de-presa\/\" \/>\n<meta property=\"og:locale\" content=\"en_US\" \/>\n<meta property=\"og:type\" content=\"article\" \/>\n<meta property=\"og:title\" content=\"Comunicate de Pres\u0103 - JT Grup Oil\" \/>\n<meta property=\"og:url\" content=\"https:\/\/jtgroup.ro\/en\/comunicate-de-presa\/\" \/>\n<meta property=\"og:site_name\" content=\"JT Grup Oil\" \/>\n<meta property=\"article:modified_time\" content=\"2024-05-20T11:41:16+00:00\" \/>\n<meta name=\"twitter:card\" content=\"summary_large_image\" \/>\n<meta name=\"twitter:label1\" content=\"Est. reading time\" \/>\n\t<meta name=\"twitter:data1\" content=\"1 minute\" \/>\n<script type=\"application\/ld+json\" class=\"yoast-schema-graph\">{\"@context\":\"https:\/\/schema.org\",\"@graph\":[{\"@type\":\"WebPage\",\"@id\":\"https:\/\/jtgroup.ro\/comunicate-de-presa\/\",\"url\":\"https:\/\/jtgroup.ro\/comunicate-de-presa\/\",\"name\":\"Comunicate de Pres\u0103 - JT Grup Oil\",\"isPartOf\":{\"@id\":\"https:\/\/jtgroup.ro\/#website\"},\"datePublished\":\"2024-05-20T11:23:26+00:00\",\"dateModified\":\"2024-05-20T11:41:16+00:00\",\"breadcrumb\":{\"@id\":\"https:\/\/jtgroup.ro\/comunicate-de-presa\/#breadcrumb\"},\"inLanguage\":\"en-US\",\"potentialAction\":[{\"@type\":\"ReadAction\",\"target\":[\"https:\/\/jtgroup.ro\/comunicate-de-presa\/\"]}]},{\"@type\":\"BreadcrumbList\",\"@id\":\"https:\/\/jtgroup.ro\/comunicate-de-presa\/#breadcrumb\",\"itemListElement\":[{\"@type\":\"ListItem\",\"position\":1,\"name\":\"Homepage\",\"item\":\"https:\/\/jtgroup.ro\/\"},{\"@type\":\"ListItem\",\"position\":2,\"name\":\"Comunicate de Pres\u0103\"}]},{\"@type\":\"WebSite\",\"@id\":\"https:\/\/jtgroup.ro\/#website\",\"url\":\"https:\/\/jtgroup.ro\/\",\"name\":\"JT Grup Oil\",\"description\":\"Transport \u0219i distribu\u021bie carburanti\",\"publisher\":{\"@id\":\"https:\/\/jtgroup.ro\/#organization\"},\"potentialAction\":[{\"@type\":\"SearchAction\",\"target\":{\"@type\":\"EntryPoint\",\"urlTemplate\":\"https:\/\/jtgroup.ro\/?s={search_term_string}\"},\"query-input\":{\"@type\":\"PropertyValueSpecification\",\"valueRequired\":true,\"valueName\":\"search_term_string\"}}],\"inLanguage\":\"en-US\"},{\"@type\":\"Organization\",\"@id\":\"https:\/\/jtgroup.ro\/#organization\",\"name\":\"JT Grup Oil\",\"url\":\"https:\/\/jtgroup.ro\/\",\"logo\":{\"@type\":\"ImageObject\",\"inLanguage\":\"en-US\",\"@id\":\"https:\/\/jtgroup.ro\/#\/schema\/logo\/image\/\",\"url\":\"https:\/\/jtgroup.ro\/wp-content\/uploads\/2024\/05\/logo.png\",\"contentUrl\":\"https:\/\/jtgroup.ro\/wp-content\/uploads\/2024\/05\/logo.png\",\"width\":668,\"height\":184,\"caption\":\"JT Grup Oil\"},\"image\":{\"@id\":\"https:\/\/jtgroup.ro\/#\/schema\/logo\/image\/\"}}]}<\/script>\n<!-- \/ Yoast SEO plugin. -->","yoast_head_json":{"title":"Comunicate de Pres\u0103 - JT Grup Oil","robots":{"index":"index","follow":"follow","max-snippet":"max-snippet:-1","max-image-preview":"max-image-preview:large","max-video-preview":"max-video-preview:-1"},"canonical":"https:\/\/jtgroup.ro\/en\/comunicate-de-presa\/","og_locale":"en_US","og_type":"article","og_title":"Comunicate de Pres\u0103 - JT Grup Oil","og_url":"https:\/\/jtgroup.ro\/en\/comunicate-de-presa\/","og_site_name":"JT Grup Oil","article_modified_time":"2024-05-20T11:41:16+00:00","twitter_card":"summary_large_image","twitter_misc":{"Est. reading time":"1 minute"},"schema":{"@context":"https:\/\/schema.org","@graph":[{"@type":"WebPage","@id":"https:\/\/jtgroup.ro\/comunicate-de-presa\/","url":"https:\/\/jtgroup.ro\/comunicate-de-presa\/","name":"Comunicate de Pres\u0103 - JT Grup Oil","isPartOf":{"@id":"https:\/\/jtgroup.ro\/#website"},"datePublished":"2024-05-20T11:23:26+00:00","dateModified":"2024-05-20T11:41:16+00:00","breadcrumb":{"@id":"https:\/\/jtgroup.ro\/comunicate-de-presa\/#breadcrumb"},"inLanguage":"en-US","potentialAction":[{"@type":"ReadAction","target":["https:\/\/jtgroup.ro\/comunicate-de-presa\/"]}]},{"@type":"BreadcrumbList","@id":"https:\/\/jtgroup.ro\/comunicate-de-presa\/#breadcrumb","itemListElement":[{"@type":"ListItem","position":1,"name":"Homepage","item":"https:\/\/jtgroup.ro\/"},{"@type":"ListItem","position":2,"name":"Comunicate de Pres\u0103"}]},{"@type":"WebSite","@id":"https:\/\/jtgroup.ro\/#website","url":"https:\/\/jtgroup.ro\/","name":"JT Grup Oil","description":"Transportation and fuel distribution","publisher":{"@id":"https:\/\/jtgroup.ro\/#organization"},"potentialAction":[{"@type":"SearchAction","target":{"@type":"EntryPoint","urlTemplate":"https:\/\/jtgroup.ro\/?s={search_term_string}"},"query-input":{"@type":"PropertyValueSpecification","valueRequired":true,"valueName":"search_term_string"}}],"inLanguage":"en-US"},{"@type":"Organization","@id":"https:\/\/jtgroup.ro\/#organization","name":"JT Grup Oil","url":"https:\/\/jtgroup.ro\/","logo":{"@type":"ImageObject","inLanguage":"en-US","@id":"https:\/\/jtgroup.ro\/#\/schema\/logo\/image\/","url":"https:\/\/jtgroup.ro\/wp-content\/uploads\/2024\/05\/logo.png","contentUrl":"https:\/\/jtgroup.ro\/wp-content\/uploads\/2024\/05\/logo.png","width":668,"height":184,"caption":"JT Grup Oil"},"image":{"@id":"https:\/\/jtgroup.ro\/#\/schema\/logo\/image\/"}}]}},"_links":{"self":[{"href":"https:\/\/jtgroup.ro\/en\/wp-json\/wp\/v2\/pages\/3490","targetHints":{"allow":["GET"]}}],"collection":[{"href":"https:\/\/jtgroup.ro\/en\/wp-json\/wp\/v2\/pages"}],"about":[{"href":"https:\/\/jtgroup.ro\/en\/wp-json\/wp\/v2\/types\/page"}],"author":[{"embeddable":true,"href":"https:\/\/jtgroup.ro\/en\/wp-json\/wp\/v2\/users\/1"}],"replies":[{"embeddable":true,"href":"https:\/\/jtgroup.ro\/en\/wp-json\/wp\/v2\/comments?post=3490"}],"version-history":[{"count":19,"href":"https:\/\/jtgroup.ro\/en\/wp-json\/wp\/v2\/pages\/3490\/revisions"}],"predecessor-version":[{"id":3593,"href":"https:\/\/jtgroup.ro\/en\/wp-json\/wp\/v2\/pages\/3490\/revisions\/3593"}],"wp:attachment":[{"href":"https:\/\/jtgroup.ro\/en\/wp-json\/wp\/v2\/media?parent=3490"}],"curies":[{"name":"wp","href":"https:\/\/api.w.org\/{rel}","templated":true}]}}