{"id":2144,"date":"2024-04-06T10:08:01","date_gmt":"2024-04-06T10:08:01","guid":{"rendered":"https:\/\/jtgroup.ro\/?page_id=2144"},"modified":"2024-05-21T14:19:35","modified_gmt":"2024-05-21T11:19:35","slug":"guvernanta-corporativa","status":"publish","type":"page","link":"https:\/\/jtgroup.ro\/en\/guvernanta-corporativa\/","title":{"rendered":"Corporate Governance"},"content":{"rendered":"<div data-elementor-type=\"wp-page\" data-elementor-id=\"2144\" class=\"elementor elementor-2144\">\n\t\t\t\t<div class=\"elementor-element elementor-element-8d301e6 e-flex e-con-boxed e-con e-parent\" data-id=\"8d301e6\" data-element_type=\"container\">\n\t\t\t\t\t<div class=\"e-con-inner\">\n\t\t\t\t<div class=\"elementor-element elementor-element-afcf369 elementor-widget elementor-widget-heading\" data-id=\"afcf369\" data-element_type=\"widget\" data-widget_type=\"heading.default\">\n\t\t\t\t<div class=\"elementor-widget-container\">\n\t\t\t\t\t<h2 class=\"elementor-heading-title elementor-size-default\">Corporate Governance <\/h2>\t\t\t\t<\/div>\n\t\t\t\t<\/div>\n\t\t\t\t<div class=\"elementor-element elementor-element-0175603 elementor-widget-divider--view-line elementor-widget elementor-widget-divider\" data-id=\"0175603\" data-element_type=\"widget\" data-widget_type=\"divider.default\">\n\t\t\t\t<div class=\"elementor-widget-container\">\n\t\t\t\t\t\t\t<div class=\"elementor-divider\">\n\t\t\t<span class=\"elementor-divider-separator\">\n\t\t\t\t\t\t<\/span>\n\t\t<\/div>\n\t\t\t\t\t\t<\/div>\n\t\t\t\t<\/div>\n\t\t\t\t<div class=\"elementor-element elementor-element-49f0fe7 elementor-widget__width-initial elementor-widget elementor-widget-text-editor\" data-id=\"49f0fe7\" data-element_type=\"widget\" data-widget_type=\"text-editor.default\">\n\t\t\t\t<div class=\"elementor-widget-container\">\n\t\t\t\t\t\t\t\t\t<p>Corporate governance is an integral part of JT Grup Oil&#039;s strategy that strengthens investors&#039; confidence by ensuring transparent communication in the context of listing on the Bucharest Stock Exchange.<\/p><p><strong>Ethical and responsible leadership<\/strong><\/p><p>It is the company&#039;s management that makes decisions ethically and responsibly, taking into account the interests of all parties, including shareholders, employees, customers and the communities in which they operate.<\/p><p><strong>Financial transparency and reporting<\/strong><\/p><p>JT Grup Oil provides accurate and transparent financial information, so that all stakeholders benefit from a clear picture of the company&#039;s financial performance and position.<\/p><p><strong>\u00a0<\/strong><strong>Corporate social responsibility<\/strong><\/p><p>The company assumes responsibility towards the communities in which it operates and adopts environmentally responsible practices, contributing to their sustainable development.<\/p><p><strong>Board of directors <\/strong><\/p><p>JT Grup Oil&#039;s board of directors oversees executive management and ensures that the company&#039;s objectives and values are met, so that it complies with all laws, regulations and standards in force, ensuring that operations are in accordance with the highest standards.<\/p>\t\t\t\t\t\t\t\t<\/div>\n\t\t\t\t<\/div>\n\t\t\t\t<div class=\"elementor-element elementor-element-9d584e0 elementor-widget elementor-widget-heading\" data-id=\"9d584e0\" data-element_type=\"widget\" data-widget_type=\"heading.default\">\n\t\t\t\t<div class=\"elementor-widget-container\">\n\t\t\t\t\t<h2 class=\"elementor-heading-title elementor-size-default\">Administrative Council<\/h2>\t\t\t\t<\/div>\n\t\t\t\t<\/div>\n\t\t\t\t<div class=\"elementor-element elementor-element-f64a6a9 elementor-widget-divider--view-line elementor-widget elementor-widget-divider\" data-id=\"f64a6a9\" data-element_type=\"widget\" data-widget_type=\"divider.default\">\n\t\t\t\t<div class=\"elementor-widget-container\">\n\t\t\t\t\t\t\t<div class=\"elementor-divider\">\n\t\t\t<span class=\"elementor-divider-separator\">\n\t\t\t\t\t\t<\/span>\n\t\t<\/div>\n\t\t\t\t\t\t<\/div>\n\t\t\t\t<\/div>\n\t\t\t\t<div class=\"elementor-element elementor-element-dcfc47f elementor-widget elementor-widget-mwt-team\" data-id=\"dcfc47f\" data-element_type=\"widget\" data-settings=\"{&quot;team_layout&quot;:&quot;grid&quot;,&quot;team_layout_gap&quot;:&quot;30&quot;,&quot;team_items_per_row&quot;:2}\" data-widget_type=\"mwt-team.default\">\n\t\t\t\t<div class=\"elementor-widget-container\">\n\t\t\t\t\t\t\t\t\t\t<div class=\"mwt-team-grid-container\">\n\t\t\t\t\t\t<div class=\"layout-cols layout-cols-2 layout-gap-30\">\n\t\t\t\t\t\t\t<div class=\"grid-columns-wrapper\">\n\t\t\t\t\t\t\t\t<div class=\"masonry\" data-order=\"1\">\n\t\t\t\t\t\t\t\t\t<div class=\"grid-sizer\"><\/div>\n\t\t\t\t\t\t\t\t\t\t\t\t\t\t\t\t\t\t\t\t\t\t<div class=\"grid-item\">\n\t\t\t\t\t\t\t\t\t\t\t\t\t\t<div class=\"grid-item-wrap\">\n\t\t\t\t\t\t\t\t\t\t\t\t\t\t\t\t\t\t\t\t\t\t\t\t\t\t\t\t<div class=\"mwt-team-image-wrap\">\n\t\t\t\t\t\t\t\t\t\t\t\t\t\t\t<img decoding=\"async\" class=\"mwt-team-image\" src=\"https:\/\/jtgroup.ro\/wp-content\/uploads\/2024\/05\/imagini_oameni_3.png\" alt=\"Jean Tucan\" \/>\t\t\t\t\t\t\t\t\t\t\t\t\t\t\t\t\t\t\t\t\t\t\t\t\t\t\t\t\t\t\t<a href=\"#\" class=\"mwt-team-media-link\"><\/a>\n\t\t\t\t\t\t\t\t\t\t\t\t\t\t\t\t\t\t\t\t\t\t\t\t\t\t\t\t\t<\/div>\n\t\t\t\t\t\t\t\t\t\t\t\t\t\t\t\t\t\t\t\t\t\t\t\t\t\t\t\t<div class=\"mwt-team-content-wrap\">\n\t\t\t\t\t\t\t\t\t\t\t\t\t\t\t\t\t\t\t\t\t\t\t\t\t\t\t\t\t\t\t<a href=\"#\" class=\"mwt-team-name\">\n\t\t\t\t\t\t\t\t\t\t\t\t\t\t\t\t\tJean Tucan\t\t\t\t\t\t\t\t\t\t\t\t\t\t\t\t<\/a>\n\t\t\t\t\t\t\t\t\t\t\t\t\t\t\t\t\t\t\t\t\t\t\t\t\t\t\t\t\t\t\t\t\t\t\t\t\t\t\t\t\t\t\t\t\t\t<div class=\"mwt-team-position\">\n\t\t\t\t\t\t\t\t\t\t\t\t\t\t\t\t\tMajority Shareholder JT Grup Oil\t\t\t\t\t\t\t\t\t\t\t\t\t\t\t\t<\/div>\n\t\t\t\t\t\t\t\t\t\t\t\t\t\t\t\t\t\t\t\t\t\t\t\t\t\t\t\t\t\t\t\t\t\t\t\t\t\t\t\t\t\t\t\t\t\t<div class=\"mwt-team-description\">\n\t\t\t\t\t\t\t\t\t\t\t\t\t\t\t\t\tWith an extensive career in management consulting and expertise in areas such as logistics, oil, energy, infrastructure and government administration and over thirty years of management experience, Jean Paul Tucan, recognized for his communication skills and ability to work in team, occupied key roles in various companies, strategically contributing to the development of large-scale projects. Currently, Jean Tucan is the majority shareholder of JT Grup Oil, one of the most important companies on the fuel distribution market and developer of the first private terminal for liquid petroleum products on the Black Sea, JT Terminal.\n\t\t\t\t\t\t\t\t\t\t\t\t\t\t\t\t<\/div>\n\t\t\t\t\t\t\t\t\t\t\t\t\t\t\t\t\t\t\t\t\t\t\t\t\t\t\t\t\t\t\t\t\t\t\t\t\t\t\t\t\t\t\t\t\t<div class=\"mwt-team-social-icons\">\n\t\t\t\t\t\t\t\t\t\t\t\t\t\t\t\t\t\t\t\t\t\t\t\t\t\t\t\t\t\t\t\t\t\t\t\t\t\t\t\t\t\t\t\t\t\t\t\t\t\t\t\t\t\t\t\t\t\t\t\t\t\t\t\t\t\t\t\t\t\t\t\t\t\t\t\t\t\t\t\t\t\t\t\t\t\t\t\t\t\t\t\t\t\t\t<\/div>\n\t\t\t\t\t\t\t\t\t\t\t\t\t\t<\/div>\n\t\t\t\t\t\t\t\t\t\t\t\t\t\t\t\t\t\t\t\t\t\t\t\t\t\t\t\t<\/div>\n\t\t\t\t\t\t\t\t\t\t\t\t\t\t\t\t\t\t\t\t\t\t\t\t\t\t<\/div>\n\t\t\t\t\t\t\t\t\t\t\t\t\t\t\t\t\t\t\t\t\t\t\t\t\t\t\t\t\t\t\t\t\t\t\t\t\t\t\t\t\t\t\t\t<div class=\"grid-item\">\n\t\t\t\t\t\t\t\t\t\t\t\t\t\t<div class=\"grid-item-wrap\">\n\t\t\t\t\t\t\t\t\t\t\t\t\t\t\t\t\t\t\t\t\t\t\t\t\t\t\t\t<div class=\"mwt-team-image-wrap\">\n\t\t\t\t\t\t\t\t\t\t\t\t\t\t\t<img decoding=\"async\" class=\"mwt-team-image\" src=\"https:\/\/jtgroup.ro\/wp-content\/uploads\/2024\/05\/imagini_oameni_1.png\" alt=\"Bogdan Aldea\" \/>\t\t\t\t\t\t\t\t\t\t\t\t\t\t\t\t\t\t\t\t\t\t\t\t\t\t\t\t\t\t\t<a href=\"#\" class=\"mwt-team-media-link\"><\/a>\n\t\t\t\t\t\t\t\t\t\t\t\t\t\t\t\t\t\t\t\t\t\t\t\t\t\t\t\t\t<\/div>\n\t\t\t\t\t\t\t\t\t\t\t\t\t\t\t\t\t\t\t\t\t\t\t\t\t\t\t\t<div class=\"mwt-team-content-wrap\">\n\t\t\t\t\t\t\t\t\t\t\t\t\t\t\t\t\t\t\t\t\t\t\t\t\t\t\t\t\t\t\t<a href=\"#\" class=\"mwt-team-name\">\n\t\t\t\t\t\t\t\t\t\t\t\t\t\t\t\t\tBogdan Aldea\t\t\t\t\t\t\t\t\t\t\t\t\t\t\t\t<\/a>\n\t\t\t\t\t\t\t\t\t\t\t\t\t\t\t\t\t\t\t\t\t\t\t\t\t\t\t\t\t\t\t\t\t\t\t\t\t\t\t\t\t\t\t\t\t\t<div class=\"mwt-team-position\">\n\t\t\t\t\t\t\t\t\t\t\t\t\t\t\t\t\tThe President of the Board of Directors\t\t\t\t\t\t\t\t\t\t\t\t\t\t\t\t<\/div>\n\t\t\t\t\t\t\t\t\t\t\t\t\t\t\t\t\t\t\t\t\t\t\t\t\t\t\t\t\t\t\t\t\t\t\t\t\t\t\t\t\t\t\t\t\t\t<div class=\"mwt-team-description\">\n\t\t\t\t\t\t\t\t\t\t\t\t\t\t\t\t\tWith a commitment to excellence and a track record of success, Bogdan-Florin Aldea has extensive experience of over twenty years in the energy field. Graduated in economics from the Bucharest Academy of Economic Studies, Aldea has a remarkable strategic and administrative vision. In his role he excelled in various areas, from coordinating the company&#039;s commercial efforts to actively participating in financial and accounting activities. He has solid market analysis, contract negotiation and relationship management skills with stakeholders ranging from government institutions to commercial agencies. Performs the role of General Manager being involved in all development projects\t\t\t\t\t\t\t\t\t\t\t\t\t\t\t\t<\/div>\n\t\t\t\t\t\t\t\t\t\t\t\t\t\t\t\t\t\t\t\t\t\t\t\t\t\t\t\t\t\t\t\t\t\t\t\t\t\t\t\t\t\t\t\t\t<div class=\"mwt-team-social-icons\">\n\t\t\t\t\t\t\t\t\t\t\t\t\t\t\t\t\t\t\t\t\t\t\t\t\t\t\t\t\t\t\t\t\t\t\t\t\t\t\t\t\t\t\t\t\t\t\t\t\t\t\t\t\t\t\t\t\t\t\t\t\t\t\t\t\t\t\t\t\t\t\t\t\t\t\t\t\t\t\t\t\t\t\t\t\t\t\t\t\t\t\t\t\t\t\t<\/div>\n\t\t\t\t\t\t\t\t\t\t\t\t\t\t<\/div>\n\t\t\t\t\t\t\t\t\t\t\t\t\t\t\t\t\t\t\t\t\t\t\t\t\t\t\t\t<\/div>\n\t\t\t\t\t\t\t\t\t\t\t\t\t\t\t\t\t\t\t\t\t\t\t\t\t\t<\/div>\n\t\t\t\t\t\t\t\t\t\t\t\t\t\t\t\t\t\t\t\t\t\t\t\t\t\t\t\t\t\t\t\t\t\t\t\t\t\t\t\t\t\t\t\t<div class=\"grid-item\">\n\t\t\t\t\t\t\t\t\t\t\t\t\t\t<div class=\"grid-item-wrap\">\n\t\t\t\t\t\t\t\t\t\t\t\t\t\t\t\t\t\t\t\t\t\t\t\t\t\t\t\t<div class=\"mwt-team-image-wrap\">\n\t\t\t\t\t\t\t\t\t\t\t\t\t\t\t<img decoding=\"async\" class=\"mwt-team-image\" src=\"https:\/\/jtgroup.ro\/wp-content\/uploads\/2024\/05\/WhatsApp-Image-2024-05-21-at-14.13.39.jpeg\" alt=\"Alexandra Tucan\" \/>\t\t\t\t\t\t\t\t\t\t\t\t\t\t\t\t\t\t\t\t\t\t\t\t\t\t\t\t\t\t\t<a href=\"#\" class=\"mwt-team-media-link\"><\/a>\n\t\t\t\t\t\t\t\t\t\t\t\t\t\t\t\t\t\t\t\t\t\t\t\t\t\t\t\t\t<\/div>\n\t\t\t\t\t\t\t\t\t\t\t\t\t\t\t\t\t\t\t\t\t\t\t\t\t\t\t\t<div class=\"mwt-team-content-wrap\">\n\t\t\t\t\t\t\t\t\t\t\t\t\t\t\t\t\t\t\t\t\t\t\t\t\t\t\t\t\t\t\t<a href=\"#\" class=\"mwt-team-name\">\n\t\t\t\t\t\t\t\t\t\t\t\t\t\t\t\t\tAlexandra Tucan\t\t\t\t\t\t\t\t\t\t\t\t\t\t\t\t<\/a>\n\t\t\t\t\t\t\t\t\t\t\t\t\t\t\t\t\t\t\t\t\t\t\t\t\t\t\t\t\t\t\t\t\t\t\t\t\t\t\t\t\t\t\t\t\t\t<div class=\"mwt-team-position\">\n\t\t\t\t\t\t\t\t\t\t\t\t\t\t\t\t\tVice President of the Board of Directors\t\t\t\t\t\t\t\t\t\t\t\t\t\t\t\t<\/div>\n\t\t\t\t\t\t\t\t\t\t\t\t\t\t\t\t\t\t\t\t\t\t\t\t\t\t\t\t\t\t\t\t\t\t\t\t\t\t\t\t\t\t\t\t\t\t<div class=\"mwt-team-description\">\n\t\t\t\t\t\t\t\t\t\t\t\t\t\t\t\t\tWith extensive experience in management and mediating the company&#039;s relations with the external environment, Alexandra Tucan has skills in promoting the company&#039;s interests in the business environment, contributing to the development and implementation of business growth and consolidation strategies. In addition to her responsibilities within JT Grup Oil, Alexandra is a Manager within Mamaia Water Sports SRL, thus demonstrating her ability to manage multiple roles and projects simultaneously.\t\t\t\t\t\t\t\t\t\t\t\t\t\t\t\t<\/div>\n\t\t\t\t\t\t\t\t\t\t\t\t\t\t\t\t\t\t\t\t\t\t\t\t\t\t\t\t\t\t\t\t\t\t\t\t\t\t\t\t\t\t\t\t\t<div class=\"mwt-team-social-icons\">\n\t\t\t\t\t\t\t\t\t\t\t\t\t\t\t\t\t\t\t\t\t\t\t\t\t\t\t\t\t\t\t\t\t\t\t\t\t\t\t\t\t\t\t\t\t\t\t\t\t\t\t\t\t\t\t\t\t\t\t\t\t\t\t\t\t\t\t\t\t\t\t\t\t\t\t\t\t\t\t\t\t\t\t\t\t\t\t\t\t\t\t\t\t\t\t<\/div>\n\t\t\t\t\t\t\t\t\t\t\t\t\t\t<\/div>\n\t\t\t\t\t\t\t\t\t\t\t\t\t\t\t\t\t\t\t\t\t\t\t\t\t\t\t\t<\/div>\n\t\t\t\t\t\t\t\t\t\t\t\t\t\t\t\t\t\t\t\t\t\t\t\t\t\t<\/div>\n\t\t\t\t\t\t\t\t\t\t\t\t\t\t\t\t\t\t\t\t\t\t\t\t\t\t\t\t\t\t\t\t\t\t\t\t\t\t\t\t\t\t\t\t<div class=\"grid-item\">\n\t\t\t\t\t\t\t\t\t\t\t\t\t\t<div class=\"grid-item-wrap\">\n\t\t\t\t\t\t\t\t\t\t\t\t\t\t\t\t\t\t\t\t\t\t\t\t\t\t\t\t<div class=\"mwt-team-image-wrap\">\n\t\t\t\t\t\t\t\t\t\t\t\t\t\t\t<img decoding=\"async\" class=\"mwt-team-image\" src=\"https:\/\/jtgroup.ro\/wp-content\/uploads\/2024\/05\/WhatsApp-Image-2024-05-21-at-14.14.00.jpeg\" alt=\"Andreea Dublea\" \/>\t\t\t\t\t\t\t\t\t\t\t\t\t\t\t\t\t\t\t\t\t\t\t\t\t\t\t\t\t\t\t<a href=\"#\" class=\"mwt-team-media-link\"><\/a>\n\t\t\t\t\t\t\t\t\t\t\t\t\t\t\t\t\t\t\t\t\t\t\t\t\t\t\t\t\t<\/div>\n\t\t\t\t\t\t\t\t\t\t\t\t\t\t\t\t\t\t\t\t\t\t\t\t\t\t\t\t<div class=\"mwt-team-content-wrap\">\n\t\t\t\t\t\t\t\t\t\t\t\t\t\t\t\t\t\t\t\t\t\t\t\t\t\t\t\t\t\t\t<a href=\"#\" class=\"mwt-team-name\">\n\t\t\t\t\t\t\t\t\t\t\t\t\t\t\t\t\tAndrea Dublea\t\t\t\t\t\t\t\t\t\t\t\t\t\t\t\t<\/a>\n\t\t\t\t\t\t\t\t\t\t\t\t\t\t\t\t\t\t\t\t\t\t\t\t\t\t\t\t\t\t\t\t\t\t\t\t\t\t\t\t\t\t\t\t\t\t<div class=\"mwt-team-position\">\n\t\t\t\t\t\t\t\t\t\t\t\t\t\t\t\t\tMember of the Board of Directors\t\t\t\t\t\t\t\t\t\t\t\t\t\t\t\t<\/div>\n\t\t\t\t\t\t\t\t\t\t\t\t\t\t\t\t\t\t\t\t\t\t\t\t\t\t\t\t\t\t\t\t\t\t\t\t\t\t\t\t\t\t\t\t\t\t<div class=\"mwt-team-description\">\n\t\t\t\t\t\t\t\t\t\t\t\t\t\t\t\t\tSpecialized in international relations and European studies, Andreea Dublea has been active within JT Grup OIL as a member of the Board of Directors since 2007, having 17 years of experience within the company. Until 2017, Andrea Dublea held the position of Human Resources Director, accumulating experience in recruiting, maintaining and implementing good practices at work.\t\t\t\t\t\t\t\t\t\t\t\t\t\t\t\t<\/div>\n\t\t\t\t\t\t\t\t\t\t\t\t\t\t\t\t\t\t\t\t\t\t\t\t\t\t\t\t\t\t\t\t\t\t\t\t\t\t\t\t\t\t\t\t\t<div class=\"mwt-team-social-icons\">\n\t\t\t\t\t\t\t\t\t\t\t\t\t\t\t\t\t\t\t\t\t\t\t\t\t\t\t\t\t\t\t\t\t\t\t\t\t\t\t\t\t\t\t\t\t\t\t\t\t\t\t\t\t\t\t\t\t\t\t\t\t\t\t\t\t\t\t\t\t\t\t\t\t\t\t\t\t\t\t\t\t\t\t\t\t\t\t\t\t\t\t\t\t\t\t<\/div>\n\t\t\t\t\t\t\t\t\t\t\t\t\t\t<\/div>\n\t\t\t\t\t\t\t\t\t\t\t\t\t\t\t\t\t\t\t\t\t\t\t\t\t\t\t\t<\/div>\n\t\t\t\t\t\t\t\t\t\t\t\t\t\t\t\t\t\t\t\t\t\t\t\t\t\t<\/div>\n\t\t\t\t\t\t\t\t\t\t\t\t\t\t\t\t\t\t\t\t\t\t\t\t\t\t\t\t\t\t\t\t\t\t\t\t\t\t\t\t\t\t\t\t\t\t\t\t\t\t\t<\/div>\n\t\t\t\t\t\t\t\t\t\t\t\t\t\t\t\t\t\t\t\t\t\t\t\t\t\t\t\t\t\t\t\t\t\t\t\t\t\t<\/div>\n\t\t\t\t\t\t\t\t\t\t\t\t\t\t\t\t\t\t\t\t\t\t\t\t\t\t\t\t\t\t\t\t\t\t<\/div>\n\t\t\t\t\t\t\t\t\t\t\t\t\t\t<\/div>\n\t\t\t\t\t\t\t\t\t\t\t\t\t\t\t<\/div>\n\t\t\t\t<\/div>\n\t\t\t\t\t<\/div>\n\t\t\t\t<\/div>\n\t\t\t\t<\/div>","protected":false},"excerpt":{"rendered":"<p>Corporate Governance Corporate governance is an integral part of JT Grup Oil&#039;s strategy that strengthens investors&#039; confidence by ensuring transparent communication in the context of the listing at<span class=\"more-dots\">&#8230;<\/span> <span class=\"more-tag\"><a class=\"more-link\" href=\"https:\/\/jtgroup.ro\/en\/guvernanta-corporativa\/\">Read more<span class=\"screen-reader-text\"> &quot;Corporate Governance&quot;<\/span><\/a><\/span><!-- .more-tag --><\/p>","protected":false},"author":1,"featured_media":0,"parent":0,"menu_order":0,"comment_status":"closed","ping_status":"closed","template":"page-templates\/full-width.php","meta":{"footnotes":""},"class_list":["post-2144","page","type-page","status-publish","hentry"],"yoast_head":"<!-- This site is optimized with the Yoast SEO plugin v26.6 - https:\/\/yoast.com\/wordpress\/plugins\/seo\/ -->\n<title>Guvernan\u021b\u0103 Corporativ\u0103 - JT Grup Oil<\/title>\n<meta name=\"robots\" content=\"index, follow, max-snippet:-1, max-image-preview:large, max-video-preview:-1\" \/>\n<link rel=\"canonical\" href=\"https:\/\/jtgroup.ro\/en\/guvernanta-corporativa\/\" \/>\n<meta property=\"og:locale\" content=\"en_US\" \/>\n<meta property=\"og:type\" content=\"article\" \/>\n<meta property=\"og:title\" content=\"Guvernan\u021b\u0103 Corporativ\u0103 - JT Grup Oil\" \/>\n<meta property=\"og:description\" content=\"Guvernan\u021b\u0103 Corporativ\u0103 Guvernarea corporativ\u0103 este parte integrant\u0103 a strategiei JT Grup Oil ce consolideaz\u0103 \u00eencrederea investitorilor prin asigurarea unei comunic\u0103ri transparente \u00een contextul list\u0103rii la...\" \/>\n<meta property=\"og:url\" content=\"https:\/\/jtgroup.ro\/en\/guvernanta-corporativa\/\" \/>\n<meta property=\"og:site_name\" content=\"JT Grup Oil\" \/>\n<meta property=\"article:modified_time\" content=\"2024-05-21T11:19:35+00:00\" \/>\n<meta property=\"og:image\" content=\"https:\/\/jtgroup.ro\/wp-content\/uploads\/2024\/05\/imagini_oameni_3.png\" \/>\n<meta name=\"twitter:card\" content=\"summary_large_image\" \/>\n<meta name=\"twitter:label1\" content=\"Est. reading time\" \/>\n\t<meta name=\"twitter:data1\" content=\"4 minutes\" \/>\n<script type=\"application\/ld+json\" class=\"yoast-schema-graph\">{\"@context\":\"https:\/\/schema.org\",\"@graph\":[{\"@type\":\"WebPage\",\"@id\":\"https:\/\/jtgroup.ro\/guvernanta-corporativa\/\",\"url\":\"https:\/\/jtgroup.ro\/guvernanta-corporativa\/\",\"name\":\"Guvernan\u021b\u0103 Corporativ\u0103 - JT Grup Oil\",\"isPartOf\":{\"@id\":\"https:\/\/jtgroup.ro\/#website\"},\"primaryImageOfPage\":{\"@id\":\"https:\/\/jtgroup.ro\/guvernanta-corporativa\/#primaryimage\"},\"image\":{\"@id\":\"https:\/\/jtgroup.ro\/guvernanta-corporativa\/#primaryimage\"},\"thumbnailUrl\":\"https:\/\/jtgroup.ro\/wp-content\/uploads\/2024\/05\/imagini_oameni_3.png\",\"datePublished\":\"2024-04-06T10:08:01+00:00\",\"dateModified\":\"2024-05-21T11:19:35+00:00\",\"breadcrumb\":{\"@id\":\"https:\/\/jtgroup.ro\/guvernanta-corporativa\/#breadcrumb\"},\"inLanguage\":\"en-US\",\"potentialAction\":[{\"@type\":\"ReadAction\",\"target\":[\"https:\/\/jtgroup.ro\/guvernanta-corporativa\/\"]}]},{\"@type\":\"ImageObject\",\"inLanguage\":\"en-US\",\"@id\":\"https:\/\/jtgroup.ro\/guvernanta-corporativa\/#primaryimage\",\"url\":\"https:\/\/jtgroup.ro\/wp-content\/uploads\/2024\/05\/imagini_oameni_3.png\",\"contentUrl\":\"https:\/\/jtgroup.ro\/wp-content\/uploads\/2024\/05\/imagini_oameni_3.png\"},{\"@type\":\"BreadcrumbList\",\"@id\":\"https:\/\/jtgroup.ro\/guvernanta-corporativa\/#breadcrumb\",\"itemListElement\":[{\"@type\":\"ListItem\",\"position\":1,\"name\":\"Homepage\",\"item\":\"https:\/\/jtgroup.ro\/\"},{\"@type\":\"ListItem\",\"position\":2,\"name\":\"Guvernan\u021b\u0103 Corporativ\u0103\"}]},{\"@type\":\"WebSite\",\"@id\":\"https:\/\/jtgroup.ro\/#website\",\"url\":\"https:\/\/jtgroup.ro\/\",\"name\":\"JT Grup Oil\",\"description\":\"Transport \u0219i distribu\u021bie carburanti\",\"publisher\":{\"@id\":\"https:\/\/jtgroup.ro\/#organization\"},\"potentialAction\":[{\"@type\":\"SearchAction\",\"target\":{\"@type\":\"EntryPoint\",\"urlTemplate\":\"https:\/\/jtgroup.ro\/?s={search_term_string}\"},\"query-input\":{\"@type\":\"PropertyValueSpecification\",\"valueRequired\":true,\"valueName\":\"search_term_string\"}}],\"inLanguage\":\"en-US\"},{\"@type\":\"Organization\",\"@id\":\"https:\/\/jtgroup.ro\/#organization\",\"name\":\"JT Grup Oil\",\"url\":\"https:\/\/jtgroup.ro\/\",\"logo\":{\"@type\":\"ImageObject\",\"inLanguage\":\"en-US\",\"@id\":\"https:\/\/jtgroup.ro\/#\/schema\/logo\/image\/\",\"url\":\"https:\/\/jtgroup.ro\/wp-content\/uploads\/2024\/05\/logo.png\",\"contentUrl\":\"https:\/\/jtgroup.ro\/wp-content\/uploads\/2024\/05\/logo.png\",\"width\":668,\"height\":184,\"caption\":\"JT Grup Oil\"},\"image\":{\"@id\":\"https:\/\/jtgroup.ro\/#\/schema\/logo\/image\/\"}}]}<\/script>\n<!-- \/ Yoast SEO plugin. -->","yoast_head_json":{"title":"Guvernan\u021b\u0103 Corporativ\u0103 - JT Grup Oil","robots":{"index":"index","follow":"follow","max-snippet":"max-snippet:-1","max-image-preview":"max-image-preview:large","max-video-preview":"max-video-preview:-1"},"canonical":"https:\/\/jtgroup.ro\/en\/guvernanta-corporativa\/","og_locale":"en_US","og_type":"article","og_title":"Guvernan\u021b\u0103 Corporativ\u0103 - JT Grup Oil","og_description":"Guvernan\u021b\u0103 Corporativ\u0103 Guvernarea corporativ\u0103 este parte integrant\u0103 a strategiei JT Grup Oil ce consolideaz\u0103 \u00eencrederea investitorilor prin asigurarea unei comunic\u0103ri transparente \u00een contextul list\u0103rii la...","og_url":"https:\/\/jtgroup.ro\/en\/guvernanta-corporativa\/","og_site_name":"JT Grup Oil","article_modified_time":"2024-05-21T11:19:35+00:00","og_image":[{"url":"https:\/\/jtgroup.ro\/wp-content\/uploads\/2024\/05\/imagini_oameni_3.png","type":"","width":"","height":""}],"twitter_card":"summary_large_image","twitter_misc":{"Est. reading time":"4 minutes"},"schema":{"@context":"https:\/\/schema.org","@graph":[{"@type":"WebPage","@id":"https:\/\/jtgroup.ro\/guvernanta-corporativa\/","url":"https:\/\/jtgroup.ro\/guvernanta-corporativa\/","name":"Guvernan\u021b\u0103 Corporativ\u0103 - JT Grup Oil","isPartOf":{"@id":"https:\/\/jtgroup.ro\/#website"},"primaryImageOfPage":{"@id":"https:\/\/jtgroup.ro\/guvernanta-corporativa\/#primaryimage"},"image":{"@id":"https:\/\/jtgroup.ro\/guvernanta-corporativa\/#primaryimage"},"thumbnailUrl":"https:\/\/jtgroup.ro\/wp-content\/uploads\/2024\/05\/imagini_oameni_3.png","datePublished":"2024-04-06T10:08:01+00:00","dateModified":"2024-05-21T11:19:35+00:00","breadcrumb":{"@id":"https:\/\/jtgroup.ro\/guvernanta-corporativa\/#breadcrumb"},"inLanguage":"en-US","potentialAction":[{"@type":"ReadAction","target":["https:\/\/jtgroup.ro\/guvernanta-corporativa\/"]}]},{"@type":"ImageObject","inLanguage":"en-US","@id":"https:\/\/jtgroup.ro\/guvernanta-corporativa\/#primaryimage","url":"https:\/\/jtgroup.ro\/wp-content\/uploads\/2024\/05\/imagini_oameni_3.png","contentUrl":"https:\/\/jtgroup.ro\/wp-content\/uploads\/2024\/05\/imagini_oameni_3.png"},{"@type":"BreadcrumbList","@id":"https:\/\/jtgroup.ro\/guvernanta-corporativa\/#breadcrumb","itemListElement":[{"@type":"ListItem","position":1,"name":"Homepage","item":"https:\/\/jtgroup.ro\/"},{"@type":"ListItem","position":2,"name":"Guvernan\u021b\u0103 Corporativ\u0103"}]},{"@type":"WebSite","@id":"https:\/\/jtgroup.ro\/#website","url":"https:\/\/jtgroup.ro\/","name":"JT Grup Oil","description":"Transportation and fuel distribution","publisher":{"@id":"https:\/\/jtgroup.ro\/#organization"},"potentialAction":[{"@type":"SearchAction","target":{"@type":"EntryPoint","urlTemplate":"https:\/\/jtgroup.ro\/?s={search_term_string}"},"query-input":{"@type":"PropertyValueSpecification","valueRequired":true,"valueName":"search_term_string"}}],"inLanguage":"en-US"},{"@type":"Organization","@id":"https:\/\/jtgroup.ro\/#organization","name":"JT Grup Oil","url":"https:\/\/jtgroup.ro\/","logo":{"@type":"ImageObject","inLanguage":"en-US","@id":"https:\/\/jtgroup.ro\/#\/schema\/logo\/image\/","url":"https:\/\/jtgroup.ro\/wp-content\/uploads\/2024\/05\/logo.png","contentUrl":"https:\/\/jtgroup.ro\/wp-content\/uploads\/2024\/05\/logo.png","width":668,"height":184,"caption":"JT Grup Oil"},"image":{"@id":"https:\/\/jtgroup.ro\/#\/schema\/logo\/image\/"}}]}},"_links":{"self":[{"href":"https:\/\/jtgroup.ro\/en\/wp-json\/wp\/v2\/pages\/2144","targetHints":{"allow":["GET"]}}],"collection":[{"href":"https:\/\/jtgroup.ro\/en\/wp-json\/wp\/v2\/pages"}],"about":[{"href":"https:\/\/jtgroup.ro\/en\/wp-json\/wp\/v2\/types\/page"}],"author":[{"embeddable":true,"href":"https:\/\/jtgroup.ro\/en\/wp-json\/wp\/v2\/users\/1"}],"replies":[{"embeddable":true,"href":"https:\/\/jtgroup.ro\/en\/wp-json\/wp\/v2\/comments?post=2144"}],"version-history":[{"count":30,"href":"https:\/\/jtgroup.ro\/en\/wp-json\/wp\/v2\/pages\/2144\/revisions"}],"predecessor-version":[{"id":3656,"href":"https:\/\/jtgroup.ro\/en\/wp-json\/wp\/v2\/pages\/2144\/revisions\/3656"}],"wp:attachment":[{"href":"https:\/\/jtgroup.ro\/en\/wp-json\/wp\/v2\/media?parent=2144"}],"curies":[{"name":"wp","href":"https:\/\/api.w.org\/{rel}","templated":true}]}}